{"id":2277,"date":"2023-12-07T14:39:23","date_gmt":"2023-12-07T12:39:23","guid":{"rendered":"https:\/\/trump24.ee\/?post_type=product&#038;p=2277"},"modified":"2023-12-07T14:39:23","modified_gmt":"2023-12-07T12:39:23","slug":"kantti","status":"publish","type":"product","link":"https:\/\/trump24.ee\/ru\/product\/kantti\/","title":{"rendered":"\u041a\u0430\u043d\u0442\u0442\u0438"},"content":{"rendered":"<p><span data-sheets-root=\"1\" data-sheets-value=\"{&quot;1&quot;:2,&quot;2&quot;:&quot;V\u00e4rvid: matt must, matt teras, harjatud messing, matt valge\\nPuuringute vahe: 128 mm, 196 mm, 320 mm (ainult matt teras)&quot;}\" data-sheets-userformat=\"{&quot;2&quot;:573,&quot;3&quot;:{&quot;1&quot;:0},&quot;5&quot;:{&quot;1&quot;:[{&quot;1&quot;:2,&quot;2&quot;:0,&quot;5&quot;:{&quot;1&quot;:2,&quot;2&quot;:0}},{&quot;1&quot;:0,&quot;2&quot;:0,&quot;3&quot;:3},{&quot;1&quot;:1,&quot;2&quot;:0,&quot;4&quot;:1}]},&quot;6&quot;:{&quot;1&quot;:[{&quot;1&quot;:2,&quot;2&quot;:0,&quot;5&quot;:{&quot;1&quot;:2,&quot;2&quot;:0}},{&quot;1&quot;:0,&quot;2&quot;:0,&quot;3&quot;:3},{&quot;1&quot;:1,&quot;2&quot;:0,&quot;4&quot;:1}]},&quot;7&quot;:{&quot;1&quot;:[{&quot;1&quot;:2,&quot;2&quot;:0,&quot;5&quot;:{&quot;1&quot;:2,&quot;2&quot;:0}},{&quot;1&quot;:0,&quot;2&quot;:0,&quot;3&quot;:3},{&quot;1&quot;:1,&quot;2&quot;:0,&quot;4&quot;:1}]},&quot;8&quot;:{&quot;1&quot;:[{&quot;1&quot;:2,&quot;2&quot;:0,&quot;5&quot;:{&quot;1&quot;:2,&quot;2&quot;:0}},{&quot;1&quot;:0,&quot;2&quot;:0,&quot;3&quot;:3},{&quot;1&quot;:1,&quot;2&quot;:0,&quot;4&quot;:1}]},&quot;12&quot;:0}\">\u0426\u0432\u0435\u0442\u0430: \u043c\u0430\u0442\u043e\u0432\u044b\u0439 \u0447\u0435\u0440\u043d\u044b\u0439, \u043c\u0430\u0442\u043e\u0432\u0430\u044f \u0441\u0442\u0430\u043b\u044c, \u043c\u0430\u0442\u043e\u0432\u0430\u044f \u043b\u0430\u0442\u0443\u043d\u044c, \u043c\u0430\u0442\u043e\u0432\u044b\u0439 \u0431\u0435\u043b\u044b\u0439.<br \/>\n\u0420\u0430\u0441\u0441\u0442\u043e\u044f\u043d\u0438\u0435 \u043c\u0435\u0436\u0434\u0443 \u0441\u0432\u0435\u0440\u043b\u0430\u043c\u0438: 128 \u043c\u043c, 196 \u043c\u043c, 320 \u043c\u043c (\u0442\u043e\u043b\u044c\u043a\u043e \u043c\u0430\u0442\u043e\u0432\u0430\u044f \u0441\u0442\u0430\u043b\u044c)<\/span><\/p>","protected":false},"excerpt":{"rendered":"<p>V\u00e4rvid: matt must, matt teras, harjatud messing, matt valge Puuringute vahe: 128 mm, 196 mm, 320 mm (ainult matt teras)<\/p>","protected":false},"featured_media":2278,"template":"","meta":{"_acf_changed":false,"_vp_format_video_url":"","_vp_image_focal_point":[]},"product_brand":[],"product_cat":[27],"product_tag":[],"class_list":{"0":"post-2277","1":"product","2":"type-product","3":"status-publish","4":"has-post-thumbnail","6":"product_cat-kaepidemed","7":"tm-no-options-pxq","9":"first","10":"instock","11":"shipping-taxable","12":"product-type-simple"},"acf":[],"yoast_head":"<!-- This site is optimized with the Yoast SEO plugin v27.3 - https:\/\/yoast.com\/product\/yoast-seo-wordpress\/ -->\n<title>Kantti | Trump<\/title>\n<meta name=\"robots\" content=\"index, follow, max-snippet:-1, max-image-preview:large, max-video-preview:-1\" \/>\n<link rel=\"canonical\" href=\"https:\/\/trump24.ee\/ru\/product\/kantti\/\" \/>\n<meta property=\"og:locale\" content=\"ru_RU\" \/>\n<meta property=\"og:type\" content=\"article\" \/>\n<meta property=\"og:title\" content=\"Kantti | Trump\" \/>\n<meta property=\"og:description\" content=\"V\u00e4rvid: matt must, matt teras, harjatud messing, matt valge Puuringute vahe: 128 mm, 196 mm, 320 mm (ainult matt teras)\" \/>\n<meta property=\"og:url\" content=\"https:\/\/trump24.ee\/ru\/product\/kantti\/\" \/>\n<meta property=\"og:site_name\" content=\"Trump\" \/>\n<meta property=\"article:publisher\" content=\"https:\/\/www.facebook.com\/TRUMP-Sisustus-101520381930163\" \/>\n<meta property=\"og:image\" content=\"https:\/\/trump24.ee\/wp-content\/uploads\/2023\/12\/Kantti.jpg\" \/>\n\t<meta property=\"og:image:width\" content=\"800\" \/>\n\t<meta property=\"og:image:height\" content=\"500\" \/>\n\t<meta property=\"og:image:type\" content=\"image\/jpeg\" \/>\n<meta name=\"twitter:label1\" content=\"\u041f\u0440\u0438\u043c\u0435\u0440\u043d\u043e\u0435 \u0432\u0440\u0435\u043c\u044f \u0434\u043b\u044f \u0447\u0442\u0435\u043d\u0438\u044f\" \/>\n\t<meta name=\"twitter:data1\" content=\"1 \u043c\u0438\u043d\u0443\u0442\u0430\" \/>\n<script type=\"application\/ld+json\" class=\"yoast-schema-graph\">{\"@context\":\"https:\\\/\\\/schema.org\",\"@graph\":[{\"@type\":\"WebPage\",\"@id\":\"https:\\\/\\\/trump24.ee\\\/toode\\\/kantti\\\/\",\"url\":\"https:\\\/\\\/trump24.ee\\\/toode\\\/kantti\\\/\",\"name\":\"Kantti | Trump\",\"isPartOf\":{\"@id\":\"https:\\\/\\\/trump24.ee\\\/#website\"},\"primaryImageOfPage\":{\"@id\":\"https:\\\/\\\/trump24.ee\\\/toode\\\/kantti\\\/#primaryimage\"},\"image\":{\"@id\":\"https:\\\/\\\/trump24.ee\\\/toode\\\/kantti\\\/#primaryimage\"},\"thumbnailUrl\":\"https:\\\/\\\/trump24.ee\\\/wp-content\\\/uploads\\\/2023\\\/12\\\/Kantti.jpg\",\"datePublished\":\"2023-12-07T12:39:23+00:00\",\"breadcrumb\":{\"@id\":\"https:\\\/\\\/trump24.ee\\\/toode\\\/kantti\\\/#breadcrumb\"},\"inLanguage\":\"ru-RU\",\"potentialAction\":[{\"@type\":\"ReadAction\",\"target\":[\"https:\\\/\\\/trump24.ee\\\/toode\\\/kantti\\\/\"]}]},{\"@type\":\"ImageObject\",\"inLanguage\":\"ru-RU\",\"@id\":\"https:\\\/\\\/trump24.ee\\\/toode\\\/kantti\\\/#primaryimage\",\"url\":\"https:\\\/\\\/trump24.ee\\\/wp-content\\\/uploads\\\/2023\\\/12\\\/Kantti.jpg\",\"contentUrl\":\"https:\\\/\\\/trump24.ee\\\/wp-content\\\/uploads\\\/2023\\\/12\\\/Kantti.jpg\",\"width\":800,\"height\":500},{\"@type\":\"BreadcrumbList\",\"@id\":\"https:\\\/\\\/trump24.ee\\\/toode\\\/kantti\\\/#breadcrumb\",\"itemListElement\":[{\"@type\":\"ListItem\",\"position\":1,\"name\":\"Avaleht\",\"item\":\"https:\\\/\\\/trump24.ee\\\/\"},{\"@type\":\"ListItem\",\"position\":2,\"name\":\"Tooted\",\"item\":\"https:\\\/\\\/trump24.ee\\\/pood\\\/\"},{\"@type\":\"ListItem\",\"position\":3,\"name\":\"Kantti\"}]},{\"@type\":\"WebSite\",\"@id\":\"https:\\\/\\\/trump24.ee\\\/#website\",\"url\":\"https:\\\/\\\/trump24.ee\\\/\",\"name\":\"Trump - Kvaliteetne k\u00f6\u00f6gi-ja vannitoam\u00f6\u00f6bel ning garderoobi lahendused ja sisustus\",\"description\":\"Kvaliteetne k\u00f6\u00f6gi-ja vannitoam\u00f6\u00f6bel ning garderoobi lahendused ja sisustus\",\"publisher\":{\"@id\":\"https:\\\/\\\/trump24.ee\\\/#organization\"},\"potentialAction\":[{\"@type\":\"SearchAction\",\"target\":{\"@type\":\"EntryPoint\",\"urlTemplate\":\"https:\\\/\\\/trump24.ee\\\/?s={search_term_string}\"},\"query-input\":{\"@type\":\"PropertyValueSpecification\",\"valueRequired\":true,\"valueName\":\"search_term_string\"}}],\"inLanguage\":\"ru-RU\"},{\"@type\":\"Organization\",\"@id\":\"https:\\\/\\\/trump24.ee\\\/#organization\",\"name\":\"Kvaliteetne k\u00f6\u00f6gi-ja vannitoam\u00f6\u00f6bel ning garderoobi lahendused ja sisustus\",\"url\":\"https:\\\/\\\/trump24.ee\\\/\",\"logo\":{\"@type\":\"ImageObject\",\"inLanguage\":\"ru-RU\",\"@id\":\"https:\\\/\\\/trump24.ee\\\/#\\\/schema\\\/logo\\\/image\\\/\",\"url\":\"https:\\\/\\\/trump24.ee\\\/wp-content\\\/uploads\\\/2021\\\/01\\\/logo1.png\",\"contentUrl\":\"https:\\\/\\\/trump24.ee\\\/wp-content\\\/uploads\\\/2021\\\/01\\\/logo1.png\",\"width\":500,\"height\":53,\"caption\":\"Kvaliteetne k\u00f6\u00f6gi-ja vannitoam\u00f6\u00f6bel ning garderoobi lahendused ja sisustus\"},\"image\":{\"@id\":\"https:\\\/\\\/trump24.ee\\\/#\\\/schema\\\/logo\\\/image\\\/\"},\"sameAs\":[\"https:\\\/\\\/www.facebook.com\\\/TRUMP-Sisustus-101520381930163\"]}]}<\/script>\n<!-- \/ Yoast SEO plugin. -->","yoast_head_json":{"title":"Kantti | Trump","robots":{"index":"index","follow":"follow","max-snippet":"max-snippet:-1","max-image-preview":"max-image-preview:large","max-video-preview":"max-video-preview:-1"},"canonical":"https:\/\/trump24.ee\/ru\/product\/kantti\/","og_locale":"ru_RU","og_type":"article","og_title":"Kantti | Trump","og_description":"V\u00e4rvid: matt must, matt teras, harjatud messing, matt valge Puuringute vahe: 128 mm, 196 mm, 320 mm (ainult matt teras)","og_url":"https:\/\/trump24.ee\/ru\/product\/kantti\/","og_site_name":"Trump","article_publisher":"https:\/\/www.facebook.com\/TRUMP-Sisustus-101520381930163","og_image":[{"width":800,"height":500,"url":"https:\/\/trump24.ee\/wp-content\/uploads\/2023\/12\/Kantti.jpg","type":"image\/jpeg"}],"twitter_misc":{"\u041f\u0440\u0438\u043c\u0435\u0440\u043d\u043e\u0435 \u0432\u0440\u0435\u043c\u044f \u0434\u043b\u044f \u0447\u0442\u0435\u043d\u0438\u044f":"1 \u043c\u0438\u043d\u0443\u0442\u0430"},"schema":{"@context":"https:\/\/schema.org","@graph":[{"@type":"WebPage","@id":"https:\/\/trump24.ee\/toode\/kantti\/","url":"https:\/\/trump24.ee\/toode\/kantti\/","name":"Kantti | Trump","isPartOf":{"@id":"https:\/\/trump24.ee\/#website"},"primaryImageOfPage":{"@id":"https:\/\/trump24.ee\/toode\/kantti\/#primaryimage"},"image":{"@id":"https:\/\/trump24.ee\/toode\/kantti\/#primaryimage"},"thumbnailUrl":"https:\/\/trump24.ee\/wp-content\/uploads\/2023\/12\/Kantti.jpg","datePublished":"2023-12-07T12:39:23+00:00","breadcrumb":{"@id":"https:\/\/trump24.ee\/toode\/kantti\/#breadcrumb"},"inLanguage":"ru-RU","potentialAction":[{"@type":"ReadAction","target":["https:\/\/trump24.ee\/toode\/kantti\/"]}]},{"@type":"ImageObject","inLanguage":"ru-RU","@id":"https:\/\/trump24.ee\/toode\/kantti\/#primaryimage","url":"https:\/\/trump24.ee\/wp-content\/uploads\/2023\/12\/Kantti.jpg","contentUrl":"https:\/\/trump24.ee\/wp-content\/uploads\/2023\/12\/Kantti.jpg","width":800,"height":500},{"@type":"BreadcrumbList","@id":"https:\/\/trump24.ee\/toode\/kantti\/#breadcrumb","itemListElement":[{"@type":"ListItem","position":1,"name":"Avaleht","item":"https:\/\/trump24.ee\/"},{"@type":"ListItem","position":2,"name":"Tooted","item":"https:\/\/trump24.ee\/pood\/"},{"@type":"ListItem","position":3,"name":"Kantti"}]},{"@type":"WebSite","@id":"https:\/\/trump24.ee\/#website","url":"https:\/\/trump24.ee\/","name":"Trump - Kvaliteetne k\u00f6\u00f6gi-ja vannitoam\u00f6\u00f6bel ning garderoobi lahendused ja sisustus","description":"Kvaliteetne k\u00f6\u00f6gi-ja vannitoam\u00f6\u00f6bel ning garderoobi lahendused ja sisustus","publisher":{"@id":"https:\/\/trump24.ee\/#organization"},"potentialAction":[{"@type":"SearchAction","target":{"@type":"EntryPoint","urlTemplate":"https:\/\/trump24.ee\/?s={search_term_string}"},"query-input":{"@type":"PropertyValueSpecification","valueRequired":true,"valueName":"search_term_string"}}],"inLanguage":"ru-RU"},{"@type":"Organization","@id":"https:\/\/trump24.ee\/#organization","name":"Kvaliteetne k\u00f6\u00f6gi-ja vannitoam\u00f6\u00f6bel ning garderoobi lahendused ja sisustus","url":"https:\/\/trump24.ee\/","logo":{"@type":"ImageObject","inLanguage":"ru-RU","@id":"https:\/\/trump24.ee\/#\/schema\/logo\/image\/","url":"https:\/\/trump24.ee\/wp-content\/uploads\/2021\/01\/logo1.png","contentUrl":"https:\/\/trump24.ee\/wp-content\/uploads\/2021\/01\/logo1.png","width":500,"height":53,"caption":"Kvaliteetne k\u00f6\u00f6gi-ja vannitoam\u00f6\u00f6bel ning garderoobi lahendused ja sisustus"},"image":{"@id":"https:\/\/trump24.ee\/#\/schema\/logo\/image\/"},"sameAs":["https:\/\/www.facebook.com\/TRUMP-Sisustus-101520381930163"]}]}},"_links":{"self":[{"href":"https:\/\/trump24.ee\/ru\/wp-json\/wp\/v2\/product\/2277","targetHints":{"allow":["GET"]}}],"collection":[{"href":"https:\/\/trump24.ee\/ru\/wp-json\/wp\/v2\/product"}],"about":[{"href":"https:\/\/trump24.ee\/ru\/wp-json\/wp\/v2\/types\/product"}],"wp:featuredmedia":[{"embeddable":true,"href":"https:\/\/trump24.ee\/ru\/wp-json\/wp\/v2\/media\/2278"}],"wp:attachment":[{"href":"https:\/\/trump24.ee\/ru\/wp-json\/wp\/v2\/media?parent=2277"}],"wp:term":[{"taxonomy":"product_brand","embeddable":true,"href":"https:\/\/trump24.ee\/ru\/wp-json\/wp\/v2\/product_brand?post=2277"},{"taxonomy":"product_cat","embeddable":true,"href":"https:\/\/trump24.ee\/ru\/wp-json\/wp\/v2\/product_cat?post=2277"},{"taxonomy":"product_tag","embeddable":true,"href":"https:\/\/trump24.ee\/ru\/wp-json\/wp\/v2\/product_tag?post=2277"}],"curies":[{"name":"wp","href":"https:\/\/api.w.org\/{rel}","templated":true}]}}