{"id":1795,"date":"2023-10-30T18:01:24","date_gmt":"2023-10-30T18:01:24","guid":{"rendered":"https:\/\/trump24.ee\/?post_type=product&#038;p=1795"},"modified":"2023-12-02T13:42:57","modified_gmt":"2023-12-02T11:42:57","slug":"valge-marmor","status":"publish","type":"product","link":"https:\/\/trump24.ee\/ru\/product\/valge-marmor\/","title":{"rendered":"\u0411\u0435\u043b\u044b\u0439 \u043c\u0440\u0430\u043c\u043e\u0440"},"content":{"rendered":"<ul>\n<li>\u041b\u0435\u0433\u043a\u043e \u043e\u0447\u0438\u0441\u0442\u0438\u0442\u044c<\/li>\n<li>\u043e\u043a\u0430\u043d\u0442\u043e\u0432\u043a\u0430 \u043a\u0440\u043e\u043c\u043e\u043a \u0410\u0411\u0421<\/li>\n<li>\u0422\u0430\u043a\u0436\u0435 \u0434\u043e\u0441\u0442\u0443\u043f\u0435\u043d \u0432 \u043a\u0430\u0447\u0435\u0441\u0442\u0432\u0435 \u0444\u043e\u043d\u043e\u0432\u043e\u0439 \u043f\u043b\u0430\u0441\u0442\u0438\u043d\u044b.<\/li>\n<li>\u0422\u0430\u043a\u0436\u0435 \u0434\u043e\u0441\u0442\u0443\u043f\u043d\u0430 \u043b\u0430\u043c\u0438\u043d\u0430\u0446\u0438\u044f \u0441 \u043e\u0431\u0435\u0438\u0445 \u0441\u0442\u043e\u0440\u043e\u043d.<\/li>\n<\/ul>","protected":false},"excerpt":{"rendered":"<p>Lihtne puhastada ABS serva pealistus Saadaval ka taustaplaadina Saadaval ka m\u00f5lemalt poolt lamineeritult<\/p>","protected":false},"featured_media":1961,"template":"","meta":{"_acf_changed":false,"_vp_format_video_url":"","_vp_image_focal_point":[]},"product_brand":[],"product_cat":[78,26],"product_tag":[],"class_list":{"0":"post-1795","1":"product","2":"type-product","3":"status-publish","4":"has-post-thumbnail","6":"product_cat-laminaat-taustaplaadid","7":"product_cat-laminaat-toopinnad","8":"tm-no-options-pxq","10":"first","11":"instock","12":"shipping-taxable","13":"product-type-simple"},"acf":[],"yoast_head":"<!-- This site is optimized with the Yoast SEO plugin v27.3 - https:\/\/yoast.com\/product\/yoast-seo-wordpress\/ -->\n<title>Valge marmor | Trump<\/title>\n<meta name=\"robots\" content=\"index, follow, max-snippet:-1, max-image-preview:large, max-video-preview:-1\" \/>\n<link rel=\"canonical\" href=\"https:\/\/trump24.ee\/ru\/product\/valge-marmor\/\" \/>\n<meta property=\"og:locale\" content=\"ru_RU\" \/>\n<meta property=\"og:type\" content=\"article\" \/>\n<meta property=\"og:title\" content=\"Valge marmor | Trump\" \/>\n<meta property=\"og:description\" content=\"Lihtne puhastada ABS serva pealistus Saadaval ka taustaplaadina Saadaval ka m\u00f5lemalt poolt lamineeritult\" \/>\n<meta property=\"og:url\" content=\"https:\/\/trump24.ee\/ru\/product\/valge-marmor\/\" \/>\n<meta property=\"og:site_name\" content=\"Trump\" \/>\n<meta property=\"article:publisher\" content=\"https:\/\/www.facebook.com\/TRUMP-Sisustus-101520381930163\" \/>\n<meta property=\"article:modified_time\" content=\"2023-12-02T11:42:57+00:00\" \/>\n<meta property=\"og:image\" content=\"https:\/\/trump24.ee\/wp-content\/uploads\/2023\/10\/Valge-marmor.jpg\" \/>\n\t<meta property=\"og:image:width\" content=\"800\" \/>\n\t<meta property=\"og:image:height\" content=\"500\" \/>\n\t<meta property=\"og:image:type\" content=\"image\/jpeg\" \/>\n<meta name=\"twitter:label1\" content=\"\u041f\u0440\u0438\u043c\u0435\u0440\u043d\u043e\u0435 \u0432\u0440\u0435\u043c\u044f \u0434\u043b\u044f \u0447\u0442\u0435\u043d\u0438\u044f\" \/>\n\t<meta name=\"twitter:data1\" content=\"1 \u043c\u0438\u043d\u0443\u0442\u0430\" \/>\n<script type=\"application\/ld+json\" class=\"yoast-schema-graph\">{\"@context\":\"https:\\\/\\\/schema.org\",\"@graph\":[{\"@type\":\"WebPage\",\"@id\":\"https:\\\/\\\/trump24.ee\\\/toode\\\/valge-marmor\\\/\",\"url\":\"https:\\\/\\\/trump24.ee\\\/toode\\\/valge-marmor\\\/\",\"name\":\"Valge marmor | Trump\",\"isPartOf\":{\"@id\":\"https:\\\/\\\/trump24.ee\\\/#website\"},\"primaryImageOfPage\":{\"@id\":\"https:\\\/\\\/trump24.ee\\\/toode\\\/valge-marmor\\\/#primaryimage\"},\"image\":{\"@id\":\"https:\\\/\\\/trump24.ee\\\/toode\\\/valge-marmor\\\/#primaryimage\"},\"thumbnailUrl\":\"https:\\\/\\\/trump24.ee\\\/wp-content\\\/uploads\\\/2023\\\/10\\\/Valge-marmor.jpg\",\"datePublished\":\"2023-10-30T18:01:24+00:00\",\"dateModified\":\"2023-12-02T11:42:57+00:00\",\"breadcrumb\":{\"@id\":\"https:\\\/\\\/trump24.ee\\\/toode\\\/valge-marmor\\\/#breadcrumb\"},\"inLanguage\":\"ru-RU\",\"potentialAction\":[{\"@type\":\"ReadAction\",\"target\":[\"https:\\\/\\\/trump24.ee\\\/toode\\\/valge-marmor\\\/\"]}]},{\"@type\":\"ImageObject\",\"inLanguage\":\"ru-RU\",\"@id\":\"https:\\\/\\\/trump24.ee\\\/toode\\\/valge-marmor\\\/#primaryimage\",\"url\":\"https:\\\/\\\/trump24.ee\\\/wp-content\\\/uploads\\\/2023\\\/10\\\/Valge-marmor.jpg\",\"contentUrl\":\"https:\\\/\\\/trump24.ee\\\/wp-content\\\/uploads\\\/2023\\\/10\\\/Valge-marmor.jpg\",\"width\":800,\"height\":500},{\"@type\":\"BreadcrumbList\",\"@id\":\"https:\\\/\\\/trump24.ee\\\/toode\\\/valge-marmor\\\/#breadcrumb\",\"itemListElement\":[{\"@type\":\"ListItem\",\"position\":1,\"name\":\"Avaleht\",\"item\":\"https:\\\/\\\/trump24.ee\\\/\"},{\"@type\":\"ListItem\",\"position\":2,\"name\":\"Tooted\",\"item\":\"https:\\\/\\\/trump24.ee\\\/pood\\\/\"},{\"@type\":\"ListItem\",\"position\":3,\"name\":\"Valge marmor\"}]},{\"@type\":\"WebSite\",\"@id\":\"https:\\\/\\\/trump24.ee\\\/#website\",\"url\":\"https:\\\/\\\/trump24.ee\\\/\",\"name\":\"Trump - Kvaliteetne k\u00f6\u00f6gi-ja vannitoam\u00f6\u00f6bel ning garderoobi lahendused ja sisustus\",\"description\":\"Kvaliteetne k\u00f6\u00f6gi-ja vannitoam\u00f6\u00f6bel ning garderoobi lahendused ja sisustus\",\"publisher\":{\"@id\":\"https:\\\/\\\/trump24.ee\\\/#organization\"},\"potentialAction\":[{\"@type\":\"SearchAction\",\"target\":{\"@type\":\"EntryPoint\",\"urlTemplate\":\"https:\\\/\\\/trump24.ee\\\/?s={search_term_string}\"},\"query-input\":{\"@type\":\"PropertyValueSpecification\",\"valueRequired\":true,\"valueName\":\"search_term_string\"}}],\"inLanguage\":\"ru-RU\"},{\"@type\":\"Organization\",\"@id\":\"https:\\\/\\\/trump24.ee\\\/#organization\",\"name\":\"Kvaliteetne k\u00f6\u00f6gi-ja vannitoam\u00f6\u00f6bel ning garderoobi lahendused ja sisustus\",\"url\":\"https:\\\/\\\/trump24.ee\\\/\",\"logo\":{\"@type\":\"ImageObject\",\"inLanguage\":\"ru-RU\",\"@id\":\"https:\\\/\\\/trump24.ee\\\/#\\\/schema\\\/logo\\\/image\\\/\",\"url\":\"https:\\\/\\\/trump24.ee\\\/wp-content\\\/uploads\\\/2021\\\/01\\\/logo1.png\",\"contentUrl\":\"https:\\\/\\\/trump24.ee\\\/wp-content\\\/uploads\\\/2021\\\/01\\\/logo1.png\",\"width\":500,\"height\":53,\"caption\":\"Kvaliteetne k\u00f6\u00f6gi-ja vannitoam\u00f6\u00f6bel ning garderoobi lahendused ja sisustus\"},\"image\":{\"@id\":\"https:\\\/\\\/trump24.ee\\\/#\\\/schema\\\/logo\\\/image\\\/\"},\"sameAs\":[\"https:\\\/\\\/www.facebook.com\\\/TRUMP-Sisustus-101520381930163\"]}]}<\/script>\n<!-- \/ Yoast SEO plugin. -->","yoast_head_json":{"title":"Valge marmor | Trump","robots":{"index":"index","follow":"follow","max-snippet":"max-snippet:-1","max-image-preview":"max-image-preview:large","max-video-preview":"max-video-preview:-1"},"canonical":"https:\/\/trump24.ee\/ru\/product\/valge-marmor\/","og_locale":"ru_RU","og_type":"article","og_title":"Valge marmor | Trump","og_description":"Lihtne puhastada ABS serva pealistus Saadaval ka taustaplaadina Saadaval ka m\u00f5lemalt poolt lamineeritult","og_url":"https:\/\/trump24.ee\/ru\/product\/valge-marmor\/","og_site_name":"Trump","article_publisher":"https:\/\/www.facebook.com\/TRUMP-Sisustus-101520381930163","article_modified_time":"2023-12-02T11:42:57+00:00","og_image":[{"width":800,"height":500,"url":"https:\/\/trump24.ee\/wp-content\/uploads\/2023\/10\/Valge-marmor.jpg","type":"image\/jpeg"}],"twitter_misc":{"\u041f\u0440\u0438\u043c\u0435\u0440\u043d\u043e\u0435 \u0432\u0440\u0435\u043c\u044f \u0434\u043b\u044f \u0447\u0442\u0435\u043d\u0438\u044f":"1 \u043c\u0438\u043d\u0443\u0442\u0430"},"schema":{"@context":"https:\/\/schema.org","@graph":[{"@type":"WebPage","@id":"https:\/\/trump24.ee\/toode\/valge-marmor\/","url":"https:\/\/trump24.ee\/toode\/valge-marmor\/","name":"Valge marmor | Trump","isPartOf":{"@id":"https:\/\/trump24.ee\/#website"},"primaryImageOfPage":{"@id":"https:\/\/trump24.ee\/toode\/valge-marmor\/#primaryimage"},"image":{"@id":"https:\/\/trump24.ee\/toode\/valge-marmor\/#primaryimage"},"thumbnailUrl":"https:\/\/trump24.ee\/wp-content\/uploads\/2023\/10\/Valge-marmor.jpg","datePublished":"2023-10-30T18:01:24+00:00","dateModified":"2023-12-02T11:42:57+00:00","breadcrumb":{"@id":"https:\/\/trump24.ee\/toode\/valge-marmor\/#breadcrumb"},"inLanguage":"ru-RU","potentialAction":[{"@type":"ReadAction","target":["https:\/\/trump24.ee\/toode\/valge-marmor\/"]}]},{"@type":"ImageObject","inLanguage":"ru-RU","@id":"https:\/\/trump24.ee\/toode\/valge-marmor\/#primaryimage","url":"https:\/\/trump24.ee\/wp-content\/uploads\/2023\/10\/Valge-marmor.jpg","contentUrl":"https:\/\/trump24.ee\/wp-content\/uploads\/2023\/10\/Valge-marmor.jpg","width":800,"height":500},{"@type":"BreadcrumbList","@id":"https:\/\/trump24.ee\/toode\/valge-marmor\/#breadcrumb","itemListElement":[{"@type":"ListItem","position":1,"name":"Avaleht","item":"https:\/\/trump24.ee\/"},{"@type":"ListItem","position":2,"name":"Tooted","item":"https:\/\/trump24.ee\/pood\/"},{"@type":"ListItem","position":3,"name":"Valge marmor"}]},{"@type":"WebSite","@id":"https:\/\/trump24.ee\/#website","url":"https:\/\/trump24.ee\/","name":"Trump - Kvaliteetne k\u00f6\u00f6gi-ja vannitoam\u00f6\u00f6bel ning garderoobi lahendused ja sisustus","description":"Kvaliteetne k\u00f6\u00f6gi-ja vannitoam\u00f6\u00f6bel ning garderoobi lahendused ja sisustus","publisher":{"@id":"https:\/\/trump24.ee\/#organization"},"potentialAction":[{"@type":"SearchAction","target":{"@type":"EntryPoint","urlTemplate":"https:\/\/trump24.ee\/?s={search_term_string}"},"query-input":{"@type":"PropertyValueSpecification","valueRequired":true,"valueName":"search_term_string"}}],"inLanguage":"ru-RU"},{"@type":"Organization","@id":"https:\/\/trump24.ee\/#organization","name":"Kvaliteetne k\u00f6\u00f6gi-ja vannitoam\u00f6\u00f6bel ning garderoobi lahendused ja sisustus","url":"https:\/\/trump24.ee\/","logo":{"@type":"ImageObject","inLanguage":"ru-RU","@id":"https:\/\/trump24.ee\/#\/schema\/logo\/image\/","url":"https:\/\/trump24.ee\/wp-content\/uploads\/2021\/01\/logo1.png","contentUrl":"https:\/\/trump24.ee\/wp-content\/uploads\/2021\/01\/logo1.png","width":500,"height":53,"caption":"Kvaliteetne k\u00f6\u00f6gi-ja vannitoam\u00f6\u00f6bel ning garderoobi lahendused ja sisustus"},"image":{"@id":"https:\/\/trump24.ee\/#\/schema\/logo\/image\/"},"sameAs":["https:\/\/www.facebook.com\/TRUMP-Sisustus-101520381930163"]}]}},"_links":{"self":[{"href":"https:\/\/trump24.ee\/ru\/wp-json\/wp\/v2\/product\/1795","targetHints":{"allow":["GET"]}}],"collection":[{"href":"https:\/\/trump24.ee\/ru\/wp-json\/wp\/v2\/product"}],"about":[{"href":"https:\/\/trump24.ee\/ru\/wp-json\/wp\/v2\/types\/product"}],"wp:featuredmedia":[{"embeddable":true,"href":"https:\/\/trump24.ee\/ru\/wp-json\/wp\/v2\/media\/1961"}],"wp:attachment":[{"href":"https:\/\/trump24.ee\/ru\/wp-json\/wp\/v2\/media?parent=1795"}],"wp:term":[{"taxonomy":"product_brand","embeddable":true,"href":"https:\/\/trump24.ee\/ru\/wp-json\/wp\/v2\/product_brand?post=1795"},{"taxonomy":"product_cat","embeddable":true,"href":"https:\/\/trump24.ee\/ru\/wp-json\/wp\/v2\/product_cat?post=1795"},{"taxonomy":"product_tag","embeddable":true,"href":"https:\/\/trump24.ee\/ru\/wp-json\/wp\/v2\/product_tag?post=1795"}],"curies":[{"name":"wp","href":"https:\/\/api.w.org\/{rel}","templated":true}]}}