{"id":2196,"date":"2023-11-22T19:56:20","date_gmt":"2023-11-22T19:56:20","guid":{"rendered":"https:\/\/trump24.ee\/?page_id=2196"},"modified":"2023-11-22T19:56:20","modified_gmt":"2023-11-22T19:56:20","slug":"kivist-taustaplaadid","status":"publish","type":"page","link":"https:\/\/trump24.ee\/ru\/kivist-taustaplaadid\/","title":{"rendered":"\u041a\u0430\u043c\u0435\u043d\u043d\u044b\u0435 \u0444\u0430\u0440\u0442\u0443\u043a\u0438"},"content":{"rendered":"<p style=\"text-align: center;\"><a href=\"https:\/\/granimax.ee\/tooted\/tasapinnad\/\" target=\"_blank\" rel=\"noopener\"><img fetchpriority=\"high\" decoding=\"async\" class=\"alignnone size-full wp-image-2080 aligncenter\" src=\"https:\/\/trump24.ee\/wp-content\/uploads\/2023\/11\/granimax.png\" alt=\"\" width=\"500\" height=\"126\" srcset=\"https:\/\/trump24.ee\/wp-content\/uploads\/2023\/11\/granimax.png 500w, https:\/\/trump24.ee\/wp-content\/uploads\/2023\/11\/granimax-300x76.png 300w, https:\/\/trump24.ee\/wp-content\/uploads\/2023\/11\/granimax-150x38.png 150w, https:\/\/trump24.ee\/wp-content\/uploads\/2023\/11\/granimax-480x121.png 480w, https:\/\/trump24.ee\/wp-content\/uploads\/2023\/11\/granimax-400x101.png 400w\" sizes=\"(max-width:767px) 480px, 500px\" \/><\/a><\/p>\n<p style=\"text-align: center;\"><a href=\"http:\/\/www.granimax.ee\" target=\"_blank\" rel=\"noopener\">www.granimax.ee<\/a><\/p>\n<p>&nbsp;<\/p>\n<p>&nbsp;<\/p>","protected":false},"excerpt":{"rendered":"<p>www.granimax.ee &nbsp; &nbsp;<\/p>","protected":false},"author":1,"featured_media":0,"parent":0,"menu_order":0,"comment_status":"closed","ping_status":"closed","template":"","meta":{"_acf_changed":false,"_vp_format_video_url":"","_vp_image_focal_point":[],"footnotes":""},"class_list":["post-2196","page","type-page","status-publish","hentry"],"acf":[],"yoast_head":"<!-- This site is optimized with the Yoast SEO plugin v27.3 - https:\/\/yoast.com\/product\/yoast-seo-wordpress\/ -->\n<title>Kivist taustaplaadid | Trump<\/title>\n<meta name=\"robots\" content=\"index, follow, max-snippet:-1, max-image-preview:large, max-video-preview:-1\" \/>\n<link rel=\"canonical\" href=\"https:\/\/trump24.ee\/ru\/kivist-taustaplaadid\/\" \/>\n<meta property=\"og:locale\" content=\"ru_RU\" \/>\n<meta property=\"og:type\" content=\"article\" \/>\n<meta property=\"og:title\" content=\"Kivist taustaplaadid | Trump\" \/>\n<meta property=\"og:description\" content=\"www.granimax.ee &nbsp; &nbsp;\" \/>\n<meta property=\"og:url\" content=\"https:\/\/trump24.ee\/ru\/kivist-taustaplaadid\/\" \/>\n<meta property=\"og:site_name\" content=\"Trump\" \/>\n<meta property=\"article:publisher\" content=\"https:\/\/www.facebook.com\/TRUMP-Sisustus-101520381930163\" \/>\n<meta property=\"og:image\" content=\"https:\/\/trump24.ee\/wp-content\/uploads\/2023\/11\/granimax.png\" \/>\n<meta name=\"twitter:label1\" content=\"\u041f\u0440\u0438\u043c\u0435\u0440\u043d\u043e\u0435 \u0432\u0440\u0435\u043c\u044f \u0434\u043b\u044f \u0447\u0442\u0435\u043d\u0438\u044f\" \/>\n\t<meta name=\"twitter:data1\" content=\"1 \u043c\u0438\u043d\u0443\u0442\u0430\" \/>\n<script type=\"application\/ld+json\" class=\"yoast-schema-graph\">{\"@context\":\"https:\\\/\\\/schema.org\",\"@graph\":[{\"@type\":\"WebPage\",\"@id\":\"https:\\\/\\\/trump24.ee\\\/kivist-taustaplaadid\\\/\",\"url\":\"https:\\\/\\\/trump24.ee\\\/kivist-taustaplaadid\\\/\",\"name\":\"Kivist taustaplaadid | Trump\",\"isPartOf\":{\"@id\":\"https:\\\/\\\/trump24.ee\\\/#website\"},\"primaryImageOfPage\":{\"@id\":\"https:\\\/\\\/trump24.ee\\\/kivist-taustaplaadid\\\/#primaryimage\"},\"image\":{\"@id\":\"https:\\\/\\\/trump24.ee\\\/kivist-taustaplaadid\\\/#primaryimage\"},\"thumbnailUrl\":\"https:\\\/\\\/trump24.ee\\\/wp-content\\\/uploads\\\/2023\\\/11\\\/granimax.png\",\"datePublished\":\"2023-11-22T19:56:20+00:00\",\"breadcrumb\":{\"@id\":\"https:\\\/\\\/trump24.ee\\\/kivist-taustaplaadid\\\/#breadcrumb\"},\"inLanguage\":\"ru-RU\",\"potentialAction\":[{\"@type\":\"ReadAction\",\"target\":[\"https:\\\/\\\/trump24.ee\\\/kivist-taustaplaadid\\\/\"]}]},{\"@type\":\"ImageObject\",\"inLanguage\":\"ru-RU\",\"@id\":\"https:\\\/\\\/trump24.ee\\\/kivist-taustaplaadid\\\/#primaryimage\",\"url\":\"https:\\\/\\\/trump24.ee\\\/wp-content\\\/uploads\\\/2023\\\/11\\\/granimax.png\",\"contentUrl\":\"https:\\\/\\\/trump24.ee\\\/wp-content\\\/uploads\\\/2023\\\/11\\\/granimax.png\"},{\"@type\":\"BreadcrumbList\",\"@id\":\"https:\\\/\\\/trump24.ee\\\/kivist-taustaplaadid\\\/#breadcrumb\",\"itemListElement\":[{\"@type\":\"ListItem\",\"position\":1,\"name\":\"Avaleht\",\"item\":\"https:\\\/\\\/trump24.ee\\\/\"},{\"@type\":\"ListItem\",\"position\":2,\"name\":\"Kivist taustaplaadid\"}]},{\"@type\":\"WebSite\",\"@id\":\"https:\\\/\\\/trump24.ee\\\/#website\",\"url\":\"https:\\\/\\\/trump24.ee\\\/\",\"name\":\"Trump - Kvaliteetne k\u00f6\u00f6gi-ja vannitoam\u00f6\u00f6bel ning garderoobi lahendused ja sisustus\",\"description\":\"Kvaliteetne k\u00f6\u00f6gi-ja vannitoam\u00f6\u00f6bel ning garderoobi lahendused ja sisustus\",\"publisher\":{\"@id\":\"https:\\\/\\\/trump24.ee\\\/#organization\"},\"potentialAction\":[{\"@type\":\"SearchAction\",\"target\":{\"@type\":\"EntryPoint\",\"urlTemplate\":\"https:\\\/\\\/trump24.ee\\\/?s={search_term_string}\"},\"query-input\":{\"@type\":\"PropertyValueSpecification\",\"valueRequired\":true,\"valueName\":\"search_term_string\"}}],\"inLanguage\":\"ru-RU\"},{\"@type\":\"Organization\",\"@id\":\"https:\\\/\\\/trump24.ee\\\/#organization\",\"name\":\"Kvaliteetne k\u00f6\u00f6gi-ja vannitoam\u00f6\u00f6bel ning garderoobi lahendused ja sisustus\",\"url\":\"https:\\\/\\\/trump24.ee\\\/\",\"logo\":{\"@type\":\"ImageObject\",\"inLanguage\":\"ru-RU\",\"@id\":\"https:\\\/\\\/trump24.ee\\\/#\\\/schema\\\/logo\\\/image\\\/\",\"url\":\"https:\\\/\\\/trump24.ee\\\/wp-content\\\/uploads\\\/2021\\\/01\\\/logo1.png\",\"contentUrl\":\"https:\\\/\\\/trump24.ee\\\/wp-content\\\/uploads\\\/2021\\\/01\\\/logo1.png\",\"width\":500,\"height\":53,\"caption\":\"Kvaliteetne k\u00f6\u00f6gi-ja vannitoam\u00f6\u00f6bel ning garderoobi lahendused ja sisustus\"},\"image\":{\"@id\":\"https:\\\/\\\/trump24.ee\\\/#\\\/schema\\\/logo\\\/image\\\/\"},\"sameAs\":[\"https:\\\/\\\/www.facebook.com\\\/TRUMP-Sisustus-101520381930163\"]}]}<\/script>\n<!-- \/ Yoast SEO plugin. -->","yoast_head_json":{"title":"Kivist taustaplaadid | Trump","robots":{"index":"index","follow":"follow","max-snippet":"max-snippet:-1","max-image-preview":"max-image-preview:large","max-video-preview":"max-video-preview:-1"},"canonical":"https:\/\/trump24.ee\/ru\/kivist-taustaplaadid\/","og_locale":"ru_RU","og_type":"article","og_title":"Kivist taustaplaadid | Trump","og_description":"www.granimax.ee &nbsp; &nbsp;","og_url":"https:\/\/trump24.ee\/ru\/kivist-taustaplaadid\/","og_site_name":"Trump","article_publisher":"https:\/\/www.facebook.com\/TRUMP-Sisustus-101520381930163","og_image":[{"url":"https:\/\/trump24.ee\/wp-content\/uploads\/2023\/11\/granimax.png","type":"","width":"","height":""}],"twitter_misc":{"\u041f\u0440\u0438\u043c\u0435\u0440\u043d\u043e\u0435 \u0432\u0440\u0435\u043c\u044f \u0434\u043b\u044f \u0447\u0442\u0435\u043d\u0438\u044f":"1 \u043c\u0438\u043d\u0443\u0442\u0430"},"schema":{"@context":"https:\/\/schema.org","@graph":[{"@type":"WebPage","@id":"https:\/\/trump24.ee\/kivist-taustaplaadid\/","url":"https:\/\/trump24.ee\/kivist-taustaplaadid\/","name":"Kivist taustaplaadid | Trump","isPartOf":{"@id":"https:\/\/trump24.ee\/#website"},"primaryImageOfPage":{"@id":"https:\/\/trump24.ee\/kivist-taustaplaadid\/#primaryimage"},"image":{"@id":"https:\/\/trump24.ee\/kivist-taustaplaadid\/#primaryimage"},"thumbnailUrl":"https:\/\/trump24.ee\/wp-content\/uploads\/2023\/11\/granimax.png","datePublished":"2023-11-22T19:56:20+00:00","breadcrumb":{"@id":"https:\/\/trump24.ee\/kivist-taustaplaadid\/#breadcrumb"},"inLanguage":"ru-RU","potentialAction":[{"@type":"ReadAction","target":["https:\/\/trump24.ee\/kivist-taustaplaadid\/"]}]},{"@type":"ImageObject","inLanguage":"ru-RU","@id":"https:\/\/trump24.ee\/kivist-taustaplaadid\/#primaryimage","url":"https:\/\/trump24.ee\/wp-content\/uploads\/2023\/11\/granimax.png","contentUrl":"https:\/\/trump24.ee\/wp-content\/uploads\/2023\/11\/granimax.png"},{"@type":"BreadcrumbList","@id":"https:\/\/trump24.ee\/kivist-taustaplaadid\/#breadcrumb","itemListElement":[{"@type":"ListItem","position":1,"name":"Avaleht","item":"https:\/\/trump24.ee\/"},{"@type":"ListItem","position":2,"name":"Kivist taustaplaadid"}]},{"@type":"WebSite","@id":"https:\/\/trump24.ee\/#website","url":"https:\/\/trump24.ee\/","name":"Trump - Kvaliteetne k\u00f6\u00f6gi-ja vannitoam\u00f6\u00f6bel ning garderoobi lahendused ja sisustus","description":"Kvaliteetne k\u00f6\u00f6gi-ja vannitoam\u00f6\u00f6bel ning garderoobi lahendused ja sisustus","publisher":{"@id":"https:\/\/trump24.ee\/#organization"},"potentialAction":[{"@type":"SearchAction","target":{"@type":"EntryPoint","urlTemplate":"https:\/\/trump24.ee\/?s={search_term_string}"},"query-input":{"@type":"PropertyValueSpecification","valueRequired":true,"valueName":"search_term_string"}}],"inLanguage":"ru-RU"},{"@type":"Organization","@id":"https:\/\/trump24.ee\/#organization","name":"Kvaliteetne k\u00f6\u00f6gi-ja vannitoam\u00f6\u00f6bel ning garderoobi lahendused ja sisustus","url":"https:\/\/trump24.ee\/","logo":{"@type":"ImageObject","inLanguage":"ru-RU","@id":"https:\/\/trump24.ee\/#\/schema\/logo\/image\/","url":"https:\/\/trump24.ee\/wp-content\/uploads\/2021\/01\/logo1.png","contentUrl":"https:\/\/trump24.ee\/wp-content\/uploads\/2021\/01\/logo1.png","width":500,"height":53,"caption":"Kvaliteetne k\u00f6\u00f6gi-ja vannitoam\u00f6\u00f6bel ning garderoobi lahendused ja sisustus"},"image":{"@id":"https:\/\/trump24.ee\/#\/schema\/logo\/image\/"},"sameAs":["https:\/\/www.facebook.com\/TRUMP-Sisustus-101520381930163"]}]}},"_links":{"self":[{"href":"https:\/\/trump24.ee\/ru\/wp-json\/wp\/v2\/pages\/2196","targetHints":{"allow":["GET"]}}],"collection":[{"href":"https:\/\/trump24.ee\/ru\/wp-json\/wp\/v2\/pages"}],"about":[{"href":"https:\/\/trump24.ee\/ru\/wp-json\/wp\/v2\/types\/page"}],"author":[{"embeddable":true,"href":"https:\/\/trump24.ee\/ru\/wp-json\/wp\/v2\/users\/1"}],"replies":[{"embeddable":true,"href":"https:\/\/trump24.ee\/ru\/wp-json\/wp\/v2\/comments?post=2196"}],"version-history":[{"count":1,"href":"https:\/\/trump24.ee\/ru\/wp-json\/wp\/v2\/pages\/2196\/revisions"}],"predecessor-version":[{"id":2197,"href":"https:\/\/trump24.ee\/ru\/wp-json\/wp\/v2\/pages\/2196\/revisions\/2197"}],"wp:attachment":[{"href":"https:\/\/trump24.ee\/ru\/wp-json\/wp\/v2\/media?parent=2196"}],"curies":[{"name":"wp","href":"https:\/\/api.w.org\/{rel}","templated":true}]}}