{"id":2261,"date":"2023-12-07T14:01:47","date_gmt":"2023-12-07T12:01:47","guid":{"rendered":"https:\/\/trump24.ee\/?post_type=product&#038;p=2261"},"modified":"2023-12-07T14:20:35","modified_gmt":"2023-12-07T12:20:35","slug":"lippa","status":"publish","type":"product","link":"https:\/\/trump24.ee\/en\/product\/lippa\/","title":{"rendered":"Lippa aluminum"},"content":{"rendered":"<p><span data-sheets-root=\"1\" data-sheets-value=\"{&quot;1&quot;:2,&quot;2&quot;:&quot;V\u00e4rvid: alumiinium, l\u00e4ikiv valge\\nLaius: 40 mm, 136 mm, 232 mm&quot;}\" data-sheets-userformat=\"{&quot;2&quot;:573,&quot;3&quot;:{&quot;1&quot;:0},&quot;5&quot;:{&quot;1&quot;:[{&quot;1&quot;:2,&quot;2&quot;:0,&quot;5&quot;:{&quot;1&quot;:2,&quot;2&quot;:0}},{&quot;1&quot;:0,&quot;2&quot;:0,&quot;3&quot;:3},{&quot;1&quot;:1,&quot;2&quot;:0,&quot;4&quot;:1}]},&quot;6&quot;:{&quot;1&quot;:[{&quot;1&quot;:2,&quot;2&quot;:0,&quot;5&quot;:{&quot;1&quot;:2,&quot;2&quot;:0}},{&quot;1&quot;:0,&quot;2&quot;:0,&quot;3&quot;:3},{&quot;1&quot;:1,&quot;2&quot;:0,&quot;4&quot;:1}]},&quot;7&quot;:{&quot;1&quot;:[{&quot;1&quot;:2,&quot;2&quot;:0,&quot;5&quot;:{&quot;1&quot;:2,&quot;2&quot;:0}},{&quot;1&quot;:0,&quot;2&quot;:0,&quot;3&quot;:3},{&quot;1&quot;:1,&quot;2&quot;:0,&quot;4&quot;:1}]},&quot;8&quot;:{&quot;1&quot;:[{&quot;1&quot;:2,&quot;2&quot;:0,&quot;5&quot;:{&quot;1&quot;:2,&quot;2&quot;:0}},{&quot;1&quot;:0,&quot;2&quot;:0,&quot;3&quot;:3},{&quot;1&quot;:1,&quot;2&quot;:0,&quot;4&quot;:1}]},&quot;12&quot;:0}\">V\u00e4rv: alumiinium<br \/>\nLaiused: 40 mm, 136 mm, 232 mm<\/span><\/p>","protected":false},"excerpt":{"rendered":"<p>V\u00e4rv: alumiinium Laiused: 40 mm, 136 mm, 232 mm<\/p>","protected":false},"featured_media":2262,"template":"","meta":{"_acf_changed":false,"_vp_format_video_url":"","_vp_image_focal_point":[]},"product_brand":[],"product_cat":[27],"product_tag":[],"class_list":{"0":"post-2261","1":"product","2":"type-product","3":"status-publish","4":"has-post-thumbnail","6":"product_cat-kaepidemed","7":"tm-no-options-pxq","9":"first","10":"instock","11":"shipping-taxable","12":"product-type-simple"},"acf":[],"yoast_head":"<!-- This site is optimized with the Yoast SEO plugin v27.3 - https:\/\/yoast.com\/product\/yoast-seo-wordpress\/ -->\n<title>Lippa alumiinium | Trump<\/title>\n<meta name=\"robots\" content=\"index, follow, max-snippet:-1, max-image-preview:large, max-video-preview:-1\" \/>\n<link rel=\"canonical\" href=\"https:\/\/trump24.ee\/en\/product\/lippa\/\" \/>\n<meta property=\"og:locale\" content=\"en_GB\" \/>\n<meta property=\"og:type\" content=\"article\" \/>\n<meta property=\"og:title\" content=\"Lippa alumiinium | Trump\" \/>\n<meta property=\"og:description\" content=\"V\u00e4rv: alumiinium Laiused: 40 mm, 136 mm, 232 mm\" \/>\n<meta property=\"og:url\" content=\"https:\/\/trump24.ee\/en\/product\/lippa\/\" \/>\n<meta property=\"og:site_name\" content=\"Trump\" \/>\n<meta property=\"article:publisher\" content=\"https:\/\/www.facebook.com\/TRUMP-Sisustus-101520381930163\" \/>\n<meta property=\"article:modified_time\" content=\"2023-12-07T12:20:35+00:00\" \/>\n<meta property=\"og:image\" content=\"https:\/\/trump24.ee\/wp-content\/uploads\/2023\/12\/Lippa.jpg\" \/>\n\t<meta property=\"og:image:width\" content=\"800\" \/>\n\t<meta property=\"og:image:height\" content=\"500\" \/>\n\t<meta property=\"og:image:type\" content=\"image\/jpeg\" \/>\n<meta name=\"twitter:label1\" content=\"Estimated reading time\" \/>\n\t<meta name=\"twitter:data1\" content=\"1 minute\" \/>\n<script type=\"application\/ld+json\" class=\"yoast-schema-graph\">{\"@context\":\"https:\\\/\\\/schema.org\",\"@graph\":[{\"@type\":\"WebPage\",\"@id\":\"https:\\\/\\\/trump24.ee\\\/toode\\\/lippa\\\/\",\"url\":\"https:\\\/\\\/trump24.ee\\\/toode\\\/lippa\\\/\",\"name\":\"Lippa alumiinium | Trump\",\"isPartOf\":{\"@id\":\"https:\\\/\\\/trump24.ee\\\/#website\"},\"primaryImageOfPage\":{\"@id\":\"https:\\\/\\\/trump24.ee\\\/toode\\\/lippa\\\/#primaryimage\"},\"image\":{\"@id\":\"https:\\\/\\\/trump24.ee\\\/toode\\\/lippa\\\/#primaryimage\"},\"thumbnailUrl\":\"https:\\\/\\\/trump24.ee\\\/wp-content\\\/uploads\\\/2023\\\/12\\\/Lippa.jpg\",\"datePublished\":\"2023-12-07T12:01:47+00:00\",\"dateModified\":\"2023-12-07T12:20:35+00:00\",\"breadcrumb\":{\"@id\":\"https:\\\/\\\/trump24.ee\\\/toode\\\/lippa\\\/#breadcrumb\"},\"inLanguage\":\"en-GB\",\"potentialAction\":[{\"@type\":\"ReadAction\",\"target\":[\"https:\\\/\\\/trump24.ee\\\/toode\\\/lippa\\\/\"]}]},{\"@type\":\"ImageObject\",\"inLanguage\":\"en-GB\",\"@id\":\"https:\\\/\\\/trump24.ee\\\/toode\\\/lippa\\\/#primaryimage\",\"url\":\"https:\\\/\\\/trump24.ee\\\/wp-content\\\/uploads\\\/2023\\\/12\\\/Lippa.jpg\",\"contentUrl\":\"https:\\\/\\\/trump24.ee\\\/wp-content\\\/uploads\\\/2023\\\/12\\\/Lippa.jpg\",\"width\":800,\"height\":500},{\"@type\":\"BreadcrumbList\",\"@id\":\"https:\\\/\\\/trump24.ee\\\/toode\\\/lippa\\\/#breadcrumb\",\"itemListElement\":[{\"@type\":\"ListItem\",\"position\":1,\"name\":\"Avaleht\",\"item\":\"https:\\\/\\\/trump24.ee\\\/\"},{\"@type\":\"ListItem\",\"position\":2,\"name\":\"Tooted\",\"item\":\"https:\\\/\\\/trump24.ee\\\/pood\\\/\"},{\"@type\":\"ListItem\",\"position\":3,\"name\":\"Lippa alumiinium\"}]},{\"@type\":\"WebSite\",\"@id\":\"https:\\\/\\\/trump24.ee\\\/#website\",\"url\":\"https:\\\/\\\/trump24.ee\\\/\",\"name\":\"Trump - Kvaliteetne k\u00f6\u00f6gi-ja vannitoam\u00f6\u00f6bel ning garderoobi lahendused ja sisustus\",\"description\":\"Kvaliteetne k\u00f6\u00f6gi-ja vannitoam\u00f6\u00f6bel ning garderoobi lahendused ja sisustus\",\"publisher\":{\"@id\":\"https:\\\/\\\/trump24.ee\\\/#organization\"},\"potentialAction\":[{\"@type\":\"SearchAction\",\"target\":{\"@type\":\"EntryPoint\",\"urlTemplate\":\"https:\\\/\\\/trump24.ee\\\/?s={search_term_string}\"},\"query-input\":{\"@type\":\"PropertyValueSpecification\",\"valueRequired\":true,\"valueName\":\"search_term_string\"}}],\"inLanguage\":\"en-GB\"},{\"@type\":\"Organization\",\"@id\":\"https:\\\/\\\/trump24.ee\\\/#organization\",\"name\":\"Kvaliteetne k\u00f6\u00f6gi-ja vannitoam\u00f6\u00f6bel ning garderoobi lahendused ja sisustus\",\"url\":\"https:\\\/\\\/trump24.ee\\\/\",\"logo\":{\"@type\":\"ImageObject\",\"inLanguage\":\"en-GB\",\"@id\":\"https:\\\/\\\/trump24.ee\\\/#\\\/schema\\\/logo\\\/image\\\/\",\"url\":\"https:\\\/\\\/trump24.ee\\\/wp-content\\\/uploads\\\/2021\\\/01\\\/logo1.png\",\"contentUrl\":\"https:\\\/\\\/trump24.ee\\\/wp-content\\\/uploads\\\/2021\\\/01\\\/logo1.png\",\"width\":500,\"height\":53,\"caption\":\"Kvaliteetne k\u00f6\u00f6gi-ja vannitoam\u00f6\u00f6bel ning garderoobi lahendused ja sisustus\"},\"image\":{\"@id\":\"https:\\\/\\\/trump24.ee\\\/#\\\/schema\\\/logo\\\/image\\\/\"},\"sameAs\":[\"https:\\\/\\\/www.facebook.com\\\/TRUMP-Sisustus-101520381930163\"]}]}<\/script>\n<!-- \/ Yoast SEO plugin. -->","yoast_head_json":{"title":"Lippa alumiinium | Trump","robots":{"index":"index","follow":"follow","max-snippet":"max-snippet:-1","max-image-preview":"max-image-preview:large","max-video-preview":"max-video-preview:-1"},"canonical":"https:\/\/trump24.ee\/en\/product\/lippa\/","og_locale":"en_GB","og_type":"article","og_title":"Lippa alumiinium | Trump","og_description":"V\u00e4rv: alumiinium Laiused: 40 mm, 136 mm, 232 mm","og_url":"https:\/\/trump24.ee\/en\/product\/lippa\/","og_site_name":"Trump","article_publisher":"https:\/\/www.facebook.com\/TRUMP-Sisustus-101520381930163","article_modified_time":"2023-12-07T12:20:35+00:00","og_image":[{"width":800,"height":500,"url":"https:\/\/trump24.ee\/wp-content\/uploads\/2023\/12\/Lippa.jpg","type":"image\/jpeg"}],"twitter_misc":{"Estimated reading time":"1 minute"},"schema":{"@context":"https:\/\/schema.org","@graph":[{"@type":"WebPage","@id":"https:\/\/trump24.ee\/toode\/lippa\/","url":"https:\/\/trump24.ee\/toode\/lippa\/","name":"Lippa alumiinium | Trump","isPartOf":{"@id":"https:\/\/trump24.ee\/#website"},"primaryImageOfPage":{"@id":"https:\/\/trump24.ee\/toode\/lippa\/#primaryimage"},"image":{"@id":"https:\/\/trump24.ee\/toode\/lippa\/#primaryimage"},"thumbnailUrl":"https:\/\/trump24.ee\/wp-content\/uploads\/2023\/12\/Lippa.jpg","datePublished":"2023-12-07T12:01:47+00:00","dateModified":"2023-12-07T12:20:35+00:00","breadcrumb":{"@id":"https:\/\/trump24.ee\/toode\/lippa\/#breadcrumb"},"inLanguage":"en-GB","potentialAction":[{"@type":"ReadAction","target":["https:\/\/trump24.ee\/toode\/lippa\/"]}]},{"@type":"ImageObject","inLanguage":"en-GB","@id":"https:\/\/trump24.ee\/toode\/lippa\/#primaryimage","url":"https:\/\/trump24.ee\/wp-content\/uploads\/2023\/12\/Lippa.jpg","contentUrl":"https:\/\/trump24.ee\/wp-content\/uploads\/2023\/12\/Lippa.jpg","width":800,"height":500},{"@type":"BreadcrumbList","@id":"https:\/\/trump24.ee\/toode\/lippa\/#breadcrumb","itemListElement":[{"@type":"ListItem","position":1,"name":"Avaleht","item":"https:\/\/trump24.ee\/"},{"@type":"ListItem","position":2,"name":"Tooted","item":"https:\/\/trump24.ee\/pood\/"},{"@type":"ListItem","position":3,"name":"Lippa alumiinium"}]},{"@type":"WebSite","@id":"https:\/\/trump24.ee\/#website","url":"https:\/\/trump24.ee\/","name":"Trump - Kvaliteetne k\u00f6\u00f6gi-ja vannitoam\u00f6\u00f6bel ning garderoobi lahendused ja sisustus","description":"Kvaliteetne k\u00f6\u00f6gi-ja vannitoam\u00f6\u00f6bel ning garderoobi lahendused ja sisustus","publisher":{"@id":"https:\/\/trump24.ee\/#organization"},"potentialAction":[{"@type":"SearchAction","target":{"@type":"EntryPoint","urlTemplate":"https:\/\/trump24.ee\/?s={search_term_string}"},"query-input":{"@type":"PropertyValueSpecification","valueRequired":true,"valueName":"search_term_string"}}],"inLanguage":"en-GB"},{"@type":"Organization","@id":"https:\/\/trump24.ee\/#organization","name":"Kvaliteetne k\u00f6\u00f6gi-ja vannitoam\u00f6\u00f6bel ning garderoobi lahendused ja sisustus","url":"https:\/\/trump24.ee\/","logo":{"@type":"ImageObject","inLanguage":"en-GB","@id":"https:\/\/trump24.ee\/#\/schema\/logo\/image\/","url":"https:\/\/trump24.ee\/wp-content\/uploads\/2021\/01\/logo1.png","contentUrl":"https:\/\/trump24.ee\/wp-content\/uploads\/2021\/01\/logo1.png","width":500,"height":53,"caption":"Kvaliteetne k\u00f6\u00f6gi-ja vannitoam\u00f6\u00f6bel ning garderoobi lahendused ja sisustus"},"image":{"@id":"https:\/\/trump24.ee\/#\/schema\/logo\/image\/"},"sameAs":["https:\/\/www.facebook.com\/TRUMP-Sisustus-101520381930163"]}]}},"_links":{"self":[{"href":"https:\/\/trump24.ee\/en\/wp-json\/wp\/v2\/product\/2261","targetHints":{"allow":["GET"]}}],"collection":[{"href":"https:\/\/trump24.ee\/en\/wp-json\/wp\/v2\/product"}],"about":[{"href":"https:\/\/trump24.ee\/en\/wp-json\/wp\/v2\/types\/product"}],"wp:featuredmedia":[{"embeddable":true,"href":"https:\/\/trump24.ee\/en\/wp-json\/wp\/v2\/media\/2262"}],"wp:attachment":[{"href":"https:\/\/trump24.ee\/en\/wp-json\/wp\/v2\/media?parent=2261"}],"wp:term":[{"taxonomy":"product_brand","embeddable":true,"href":"https:\/\/trump24.ee\/en\/wp-json\/wp\/v2\/product_brand?post=2261"},{"taxonomy":"product_cat","embeddable":true,"href":"https:\/\/trump24.ee\/en\/wp-json\/wp\/v2\/product_cat?post=2261"},{"taxonomy":"product_tag","embeddable":true,"href":"https:\/\/trump24.ee\/en\/wp-json\/wp\/v2\/product_tag?post=2261"}],"curies":[{"name":"wp","href":"https:\/\/api.w.org\/{rel}","templated":true}]}}