{"id":1837,"date":"2023-11-01T10:56:04","date_gmt":"2023-11-01T10:56:04","guid":{"rendered":"https:\/\/trump24.ee\/?post_type=product&#038;p=1837"},"modified":"2023-11-09T13:36:02","modified_gmt":"2023-11-09T13:36:02","slug":"valge-2","status":"publish","type":"product","link":"https:\/\/trump24.ee\/en\/product\/valge-2\/","title":{"rendered":"White"},"content":{"rendered":"<ul>\n<li>Color: pure white<\/li>\n<li>Thickness 16 mm<\/li>\n<li>Material: melamine, crystal surface<\/li>\n<\/ul>","protected":false},"excerpt":{"rendered":"<p>V\u00e4rvus: puhas valge Paksus 16 mm Materjal: melamiin, kristallpind<\/p>","protected":false},"featured_media":1945,"template":"","meta":{"_acf_changed":false,"_vp_format_video_url":"","_vp_image_focal_point":[]},"product_brand":[],"product_cat":[24],"product_tag":[],"class_list":{"0":"post-1837","1":"product","2":"type-product","3":"status-publish","4":"has-post-thumbnail","6":"product_cat-uksed","7":"tm-no-options-pxq","9":"first","10":"instock","11":"shipping-taxable","12":"product-type-simple"},"acf":[],"yoast_head":"<!-- This site is optimized with the Yoast SEO plugin v27.3 - https:\/\/yoast.com\/product\/yoast-seo-wordpress\/ -->\n<title>Valge | Trump<\/title>\n<meta name=\"robots\" content=\"index, follow, max-snippet:-1, max-image-preview:large, max-video-preview:-1\" \/>\n<link rel=\"canonical\" href=\"https:\/\/trump24.ee\/en\/product\/valge-2\/\" \/>\n<meta property=\"og:locale\" content=\"en_GB\" \/>\n<meta property=\"og:type\" content=\"article\" \/>\n<meta property=\"og:title\" content=\"Valge | Trump\" \/>\n<meta property=\"og:description\" content=\"V\u00e4rvus: puhas valge Paksus 16 mm Materjal: melamiin, kristallpind\" \/>\n<meta property=\"og:url\" content=\"https:\/\/trump24.ee\/en\/product\/valge-2\/\" \/>\n<meta property=\"og:site_name\" content=\"Trump\" \/>\n<meta property=\"article:publisher\" content=\"https:\/\/www.facebook.com\/TRUMP-Sisustus-101520381930163\" \/>\n<meta property=\"article:modified_time\" content=\"2023-11-09T13:36:02+00:00\" \/>\n<meta property=\"og:image\" content=\"https:\/\/trump24.ee\/wp-content\/uploads\/2023\/11\/Valge.jpg\" \/>\n\t<meta property=\"og:image:width\" content=\"1200\" \/>\n\t<meta property=\"og:image:height\" content=\"1800\" \/>\n\t<meta property=\"og:image:type\" content=\"image\/jpeg\" \/>\n<meta name=\"twitter:label1\" content=\"Estimated reading time\" \/>\n\t<meta name=\"twitter:data1\" content=\"1 minute\" \/>\n<script type=\"application\/ld+json\" class=\"yoast-schema-graph\">{\"@context\":\"https:\\\/\\\/schema.org\",\"@graph\":[{\"@type\":\"WebPage\",\"@id\":\"https:\\\/\\\/trump24.ee\\\/toode\\\/valge-2\\\/\",\"url\":\"https:\\\/\\\/trump24.ee\\\/toode\\\/valge-2\\\/\",\"name\":\"Valge | Trump\",\"isPartOf\":{\"@id\":\"https:\\\/\\\/trump24.ee\\\/#website\"},\"primaryImageOfPage\":{\"@id\":\"https:\\\/\\\/trump24.ee\\\/toode\\\/valge-2\\\/#primaryimage\"},\"image\":{\"@id\":\"https:\\\/\\\/trump24.ee\\\/toode\\\/valge-2\\\/#primaryimage\"},\"thumbnailUrl\":\"https:\\\/\\\/trump24.ee\\\/wp-content\\\/uploads\\\/2023\\\/11\\\/Valge.jpg\",\"datePublished\":\"2023-11-01T10:56:04+00:00\",\"dateModified\":\"2023-11-09T13:36:02+00:00\",\"breadcrumb\":{\"@id\":\"https:\\\/\\\/trump24.ee\\\/toode\\\/valge-2\\\/#breadcrumb\"},\"inLanguage\":\"en-GB\",\"potentialAction\":[{\"@type\":\"ReadAction\",\"target\":[\"https:\\\/\\\/trump24.ee\\\/toode\\\/valge-2\\\/\"]}]},{\"@type\":\"ImageObject\",\"inLanguage\":\"en-GB\",\"@id\":\"https:\\\/\\\/trump24.ee\\\/toode\\\/valge-2\\\/#primaryimage\",\"url\":\"https:\\\/\\\/trump24.ee\\\/wp-content\\\/uploads\\\/2023\\\/11\\\/Valge.jpg\",\"contentUrl\":\"https:\\\/\\\/trump24.ee\\\/wp-content\\\/uploads\\\/2023\\\/11\\\/Valge.jpg\",\"width\":1200,\"height\":1800},{\"@type\":\"BreadcrumbList\",\"@id\":\"https:\\\/\\\/trump24.ee\\\/toode\\\/valge-2\\\/#breadcrumb\",\"itemListElement\":[{\"@type\":\"ListItem\",\"position\":1,\"name\":\"Avaleht\",\"item\":\"https:\\\/\\\/trump24.ee\\\/\"},{\"@type\":\"ListItem\",\"position\":2,\"name\":\"Tooted\",\"item\":\"https:\\\/\\\/trump24.ee\\\/pood\\\/\"},{\"@type\":\"ListItem\",\"position\":3,\"name\":\"Valge\"}]},{\"@type\":\"WebSite\",\"@id\":\"https:\\\/\\\/trump24.ee\\\/#website\",\"url\":\"https:\\\/\\\/trump24.ee\\\/\",\"name\":\"Trump - Kvaliteetne k\u00f6\u00f6gi-ja vannitoam\u00f6\u00f6bel ning garderoobi lahendused ja sisustus\",\"description\":\"Kvaliteetne k\u00f6\u00f6gi-ja vannitoam\u00f6\u00f6bel ning garderoobi lahendused ja sisustus\",\"publisher\":{\"@id\":\"https:\\\/\\\/trump24.ee\\\/#organization\"},\"potentialAction\":[{\"@type\":\"SearchAction\",\"target\":{\"@type\":\"EntryPoint\",\"urlTemplate\":\"https:\\\/\\\/trump24.ee\\\/?s={search_term_string}\"},\"query-input\":{\"@type\":\"PropertyValueSpecification\",\"valueRequired\":true,\"valueName\":\"search_term_string\"}}],\"inLanguage\":\"en-GB\"},{\"@type\":\"Organization\",\"@id\":\"https:\\\/\\\/trump24.ee\\\/#organization\",\"name\":\"Kvaliteetne k\u00f6\u00f6gi-ja vannitoam\u00f6\u00f6bel ning garderoobi lahendused ja sisustus\",\"url\":\"https:\\\/\\\/trump24.ee\\\/\",\"logo\":{\"@type\":\"ImageObject\",\"inLanguage\":\"en-GB\",\"@id\":\"https:\\\/\\\/trump24.ee\\\/#\\\/schema\\\/logo\\\/image\\\/\",\"url\":\"https:\\\/\\\/trump24.ee\\\/wp-content\\\/uploads\\\/2021\\\/01\\\/logo1.png\",\"contentUrl\":\"https:\\\/\\\/trump24.ee\\\/wp-content\\\/uploads\\\/2021\\\/01\\\/logo1.png\",\"width\":500,\"height\":53,\"caption\":\"Kvaliteetne k\u00f6\u00f6gi-ja vannitoam\u00f6\u00f6bel ning garderoobi lahendused ja sisustus\"},\"image\":{\"@id\":\"https:\\\/\\\/trump24.ee\\\/#\\\/schema\\\/logo\\\/image\\\/\"},\"sameAs\":[\"https:\\\/\\\/www.facebook.com\\\/TRUMP-Sisustus-101520381930163\"]}]}<\/script>\n<!-- \/ Yoast SEO plugin. -->","yoast_head_json":{"title":"Valge | Trump","robots":{"index":"index","follow":"follow","max-snippet":"max-snippet:-1","max-image-preview":"max-image-preview:large","max-video-preview":"max-video-preview:-1"},"canonical":"https:\/\/trump24.ee\/en\/product\/valge-2\/","og_locale":"en_GB","og_type":"article","og_title":"Valge | Trump","og_description":"V\u00e4rvus: puhas valge Paksus 16 mm Materjal: melamiin, kristallpind","og_url":"https:\/\/trump24.ee\/en\/product\/valge-2\/","og_site_name":"Trump","article_publisher":"https:\/\/www.facebook.com\/TRUMP-Sisustus-101520381930163","article_modified_time":"2023-11-09T13:36:02+00:00","og_image":[{"width":1200,"height":1800,"url":"https:\/\/trump24.ee\/wp-content\/uploads\/2023\/11\/Valge.jpg","type":"image\/jpeg"}],"twitter_misc":{"Estimated reading time":"1 minute"},"schema":{"@context":"https:\/\/schema.org","@graph":[{"@type":"WebPage","@id":"https:\/\/trump24.ee\/toode\/valge-2\/","url":"https:\/\/trump24.ee\/toode\/valge-2\/","name":"Valge | Trump","isPartOf":{"@id":"https:\/\/trump24.ee\/#website"},"primaryImageOfPage":{"@id":"https:\/\/trump24.ee\/toode\/valge-2\/#primaryimage"},"image":{"@id":"https:\/\/trump24.ee\/toode\/valge-2\/#primaryimage"},"thumbnailUrl":"https:\/\/trump24.ee\/wp-content\/uploads\/2023\/11\/Valge.jpg","datePublished":"2023-11-01T10:56:04+00:00","dateModified":"2023-11-09T13:36:02+00:00","breadcrumb":{"@id":"https:\/\/trump24.ee\/toode\/valge-2\/#breadcrumb"},"inLanguage":"en-GB","potentialAction":[{"@type":"ReadAction","target":["https:\/\/trump24.ee\/toode\/valge-2\/"]}]},{"@type":"ImageObject","inLanguage":"en-GB","@id":"https:\/\/trump24.ee\/toode\/valge-2\/#primaryimage","url":"https:\/\/trump24.ee\/wp-content\/uploads\/2023\/11\/Valge.jpg","contentUrl":"https:\/\/trump24.ee\/wp-content\/uploads\/2023\/11\/Valge.jpg","width":1200,"height":1800},{"@type":"BreadcrumbList","@id":"https:\/\/trump24.ee\/toode\/valge-2\/#breadcrumb","itemListElement":[{"@type":"ListItem","position":1,"name":"Avaleht","item":"https:\/\/trump24.ee\/"},{"@type":"ListItem","position":2,"name":"Tooted","item":"https:\/\/trump24.ee\/pood\/"},{"@type":"ListItem","position":3,"name":"Valge"}]},{"@type":"WebSite","@id":"https:\/\/trump24.ee\/#website","url":"https:\/\/trump24.ee\/","name":"Trump - Kvaliteetne k\u00f6\u00f6gi-ja vannitoam\u00f6\u00f6bel ning garderoobi lahendused ja sisustus","description":"Kvaliteetne k\u00f6\u00f6gi-ja vannitoam\u00f6\u00f6bel ning garderoobi lahendused ja sisustus","publisher":{"@id":"https:\/\/trump24.ee\/#organization"},"potentialAction":[{"@type":"SearchAction","target":{"@type":"EntryPoint","urlTemplate":"https:\/\/trump24.ee\/?s={search_term_string}"},"query-input":{"@type":"PropertyValueSpecification","valueRequired":true,"valueName":"search_term_string"}}],"inLanguage":"en-GB"},{"@type":"Organization","@id":"https:\/\/trump24.ee\/#organization","name":"Kvaliteetne k\u00f6\u00f6gi-ja vannitoam\u00f6\u00f6bel ning garderoobi lahendused ja sisustus","url":"https:\/\/trump24.ee\/","logo":{"@type":"ImageObject","inLanguage":"en-GB","@id":"https:\/\/trump24.ee\/#\/schema\/logo\/image\/","url":"https:\/\/trump24.ee\/wp-content\/uploads\/2021\/01\/logo1.png","contentUrl":"https:\/\/trump24.ee\/wp-content\/uploads\/2021\/01\/logo1.png","width":500,"height":53,"caption":"Kvaliteetne k\u00f6\u00f6gi-ja vannitoam\u00f6\u00f6bel ning garderoobi lahendused ja sisustus"},"image":{"@id":"https:\/\/trump24.ee\/#\/schema\/logo\/image\/"},"sameAs":["https:\/\/www.facebook.com\/TRUMP-Sisustus-101520381930163"]}]}},"_links":{"self":[{"href":"https:\/\/trump24.ee\/en\/wp-json\/wp\/v2\/product\/1837","targetHints":{"allow":["GET"]}}],"collection":[{"href":"https:\/\/trump24.ee\/en\/wp-json\/wp\/v2\/product"}],"about":[{"href":"https:\/\/trump24.ee\/en\/wp-json\/wp\/v2\/types\/product"}],"wp:featuredmedia":[{"embeddable":true,"href":"https:\/\/trump24.ee\/en\/wp-json\/wp\/v2\/media\/1945"}],"wp:attachment":[{"href":"https:\/\/trump24.ee\/en\/wp-json\/wp\/v2\/media?parent=1837"}],"wp:term":[{"taxonomy":"product_brand","embeddable":true,"href":"https:\/\/trump24.ee\/en\/wp-json\/wp\/v2\/product_brand?post=1837"},{"taxonomy":"product_cat","embeddable":true,"href":"https:\/\/trump24.ee\/en\/wp-json\/wp\/v2\/product_cat?post=1837"},{"taxonomy":"product_tag","embeddable":true,"href":"https:\/\/trump24.ee\/en\/wp-json\/wp\/v2\/product_tag?post=1837"}],"curies":[{"name":"wp","href":"https:\/\/api.w.org\/{rel}","templated":true}]}}