{"id":1299,"date":"2021-03-11T17:07:02","date_gmt":"2021-03-11T17:07:02","guid":{"rendered":"https:\/\/trump24.ee\/?post_type=product&#038;p=1299"},"modified":"2023-12-01T12:27:10","modified_gmt":"2023-12-01T10:27:10","slug":"boxx-1874","status":"publish","type":"product","link":"https:\/\/trump24.ee\/en\/product\/boxx-1874\/","title":{"rendered":"Boxx 1874"},"content":{"rendered":"<p><strong>Price from: \u20ac929.98<\/strong><br \/>\nBOXX1874 door options:<br \/>\nDoors with aluminum frame and white glass<br \/>\nDoors with aluminum frame and mirror<br \/>\nDoors with aluminum frame and white plate<\/p>\n<p>You can also choose different doors for one cabinet<\/p>\n<p><strong>Technical information<\/strong><br \/>\nThe widths of the slides are 592 mm x 2 pcs and 692 mm x 1 pc<br \/>\nCabinet width 1874 mm<br \/>\nCabinet height 2362 mm<br \/>\nCabinet depth 630 mm<br \/>\nThe thickness of the cabinet details is 18 mm<\/p>\n<p>The set includes shelves and a hanger tube 1 pc.<br \/>\nThe set does not include the back wall plate or the accessories in the picture.<\/p>\n<p>The price does not include transport to the customer, delivery to the room and installation. On request, we can offer full service or partial service.<\/p>","protected":false},"excerpt":{"rendered":"<p>Hind alates: 929.98 \u20ac BOXX1874 uksevalikud: Alumiiniumraami ja valge klaasiga uksed Alumiiniumraami ja peegliga uksed Alumiiniumraami ja valge plaadiga uksed \u00dchele kapile saab valida ka erinevad<span class=\"excerpt-hellip\"> [\u2026]<\/span><\/p>","protected":false},"featured_media":1300,"template":"","meta":{"_acf_changed":false,"_vp_format_video_url":"","_vp_image_focal_point":[]},"product_brand":[],"product_cat":[33],"product_tag":[],"class_list":{"0":"post-1299","1":"product","2":"type-product","3":"status-publish","4":"has-post-thumbnail","6":"product_cat-garderoobid-ja-garderoobide-valmistamine","7":"tm-no-options-pxq","9":"first","10":"instock","11":"virtual","12":"product-type-simple"},"acf":[],"yoast_head":"<!-- This site is optimized with the Yoast SEO plugin v27.3 - https:\/\/yoast.com\/product\/yoast-seo-wordpress\/ -->\n<title>Boxx 1874 | Trump<\/title>\n<meta name=\"robots\" content=\"index, follow, max-snippet:-1, max-image-preview:large, max-video-preview:-1\" \/>\n<link rel=\"canonical\" href=\"https:\/\/trump24.ee\/en\/product\/boxx-1874\/\" \/>\n<meta property=\"og:locale\" content=\"en_GB\" \/>\n<meta property=\"og:type\" content=\"article\" \/>\n<meta property=\"og:title\" content=\"Boxx 1874 | Trump\" \/>\n<meta property=\"og:description\" content=\"Hind alates: 929.98 \u20ac BOXX1874 uksevalikud: Alumiiniumraami ja valge klaasiga uksed Alumiiniumraami ja peegliga uksed Alumiiniumraami ja valge plaadiga uksed \u00dchele kapile saab valida ka erinevad [\u2026]\" \/>\n<meta property=\"og:url\" content=\"https:\/\/trump24.ee\/en\/product\/boxx-1874\/\" \/>\n<meta property=\"og:site_name\" content=\"Trump\" \/>\n<meta property=\"article:publisher\" content=\"https:\/\/www.facebook.com\/TRUMP-Sisustus-101520381930163\" \/>\n<meta property=\"article:modified_time\" content=\"2023-12-01T10:27:10+00:00\" \/>\n<meta property=\"og:image\" content=\"https:\/\/trump24.ee\/wp-content\/uploads\/2021\/03\/Boxx-1874.jpg\" \/>\n\t<meta property=\"og:image:width\" content=\"2048\" \/>\n\t<meta property=\"og:image:height\" content=\"1463\" \/>\n\t<meta property=\"og:image:type\" content=\"image\/jpeg\" \/>\n<meta name=\"twitter:label1\" content=\"Estimated reading time\" \/>\n\t<meta name=\"twitter:data1\" content=\"1 minute\" \/>\n<script type=\"application\/ld+json\" class=\"yoast-schema-graph\">{\"@context\":\"https:\\\/\\\/schema.org\",\"@graph\":[{\"@type\":\"WebPage\",\"@id\":\"https:\\\/\\\/trump24.ee\\\/toode\\\/boxx-1874\\\/\",\"url\":\"https:\\\/\\\/trump24.ee\\\/toode\\\/boxx-1874\\\/\",\"name\":\"Boxx 1874 | Trump\",\"isPartOf\":{\"@id\":\"https:\\\/\\\/trump24.ee\\\/#website\"},\"primaryImageOfPage\":{\"@id\":\"https:\\\/\\\/trump24.ee\\\/toode\\\/boxx-1874\\\/#primaryimage\"},\"image\":{\"@id\":\"https:\\\/\\\/trump24.ee\\\/toode\\\/boxx-1874\\\/#primaryimage\"},\"thumbnailUrl\":\"https:\\\/\\\/trump24.ee\\\/wp-content\\\/uploads\\\/2021\\\/03\\\/Boxx-1874.jpg\",\"datePublished\":\"2021-03-11T17:07:02+00:00\",\"dateModified\":\"2023-12-01T10:27:10+00:00\",\"breadcrumb\":{\"@id\":\"https:\\\/\\\/trump24.ee\\\/toode\\\/boxx-1874\\\/#breadcrumb\"},\"inLanguage\":\"en-GB\",\"potentialAction\":[{\"@type\":\"ReadAction\",\"target\":[\"https:\\\/\\\/trump24.ee\\\/toode\\\/boxx-1874\\\/\"]}]},{\"@type\":\"ImageObject\",\"inLanguage\":\"en-GB\",\"@id\":\"https:\\\/\\\/trump24.ee\\\/toode\\\/boxx-1874\\\/#primaryimage\",\"url\":\"https:\\\/\\\/trump24.ee\\\/wp-content\\\/uploads\\\/2021\\\/03\\\/Boxx-1874.jpg\",\"contentUrl\":\"https:\\\/\\\/trump24.ee\\\/wp-content\\\/uploads\\\/2021\\\/03\\\/Boxx-1874.jpg\",\"width\":2048,\"height\":1463},{\"@type\":\"BreadcrumbList\",\"@id\":\"https:\\\/\\\/trump24.ee\\\/toode\\\/boxx-1874\\\/#breadcrumb\",\"itemListElement\":[{\"@type\":\"ListItem\",\"position\":1,\"name\":\"Avaleht\",\"item\":\"https:\\\/\\\/trump24.ee\\\/\"},{\"@type\":\"ListItem\",\"position\":2,\"name\":\"Tooted\",\"item\":\"https:\\\/\\\/trump24.ee\\\/pood\\\/\"},{\"@type\":\"ListItem\",\"position\":3,\"name\":\"Boxx 1874\"}]},{\"@type\":\"WebSite\",\"@id\":\"https:\\\/\\\/trump24.ee\\\/#website\",\"url\":\"https:\\\/\\\/trump24.ee\\\/\",\"name\":\"Trump - Kvaliteetne k\u00f6\u00f6gi-ja vannitoam\u00f6\u00f6bel ning garderoobi lahendused ja sisustus\",\"description\":\"Kvaliteetne k\u00f6\u00f6gi-ja vannitoam\u00f6\u00f6bel ning garderoobi lahendused ja sisustus\",\"publisher\":{\"@id\":\"https:\\\/\\\/trump24.ee\\\/#organization\"},\"potentialAction\":[{\"@type\":\"SearchAction\",\"target\":{\"@type\":\"EntryPoint\",\"urlTemplate\":\"https:\\\/\\\/trump24.ee\\\/?s={search_term_string}\"},\"query-input\":{\"@type\":\"PropertyValueSpecification\",\"valueRequired\":true,\"valueName\":\"search_term_string\"}}],\"inLanguage\":\"en-GB\"},{\"@type\":\"Organization\",\"@id\":\"https:\\\/\\\/trump24.ee\\\/#organization\",\"name\":\"Kvaliteetne k\u00f6\u00f6gi-ja vannitoam\u00f6\u00f6bel ning garderoobi lahendused ja sisustus\",\"url\":\"https:\\\/\\\/trump24.ee\\\/\",\"logo\":{\"@type\":\"ImageObject\",\"inLanguage\":\"en-GB\",\"@id\":\"https:\\\/\\\/trump24.ee\\\/#\\\/schema\\\/logo\\\/image\\\/\",\"url\":\"https:\\\/\\\/trump24.ee\\\/wp-content\\\/uploads\\\/2021\\\/01\\\/logo1.png\",\"contentUrl\":\"https:\\\/\\\/trump24.ee\\\/wp-content\\\/uploads\\\/2021\\\/01\\\/logo1.png\",\"width\":500,\"height\":53,\"caption\":\"Kvaliteetne k\u00f6\u00f6gi-ja vannitoam\u00f6\u00f6bel ning garderoobi lahendused ja sisustus\"},\"image\":{\"@id\":\"https:\\\/\\\/trump24.ee\\\/#\\\/schema\\\/logo\\\/image\\\/\"},\"sameAs\":[\"https:\\\/\\\/www.facebook.com\\\/TRUMP-Sisustus-101520381930163\"]}]}<\/script>\n<!-- \/ Yoast SEO plugin. -->","yoast_head_json":{"title":"Boxx 1874 | Trump","robots":{"index":"index","follow":"follow","max-snippet":"max-snippet:-1","max-image-preview":"max-image-preview:large","max-video-preview":"max-video-preview:-1"},"canonical":"https:\/\/trump24.ee\/en\/product\/boxx-1874\/","og_locale":"en_GB","og_type":"article","og_title":"Boxx 1874 | Trump","og_description":"Hind alates: 929.98 \u20ac BOXX1874 uksevalikud: Alumiiniumraami ja valge klaasiga uksed Alumiiniumraami ja peegliga uksed Alumiiniumraami ja valge plaadiga uksed \u00dchele kapile saab valida ka erinevad [\u2026]","og_url":"https:\/\/trump24.ee\/en\/product\/boxx-1874\/","og_site_name":"Trump","article_publisher":"https:\/\/www.facebook.com\/TRUMP-Sisustus-101520381930163","article_modified_time":"2023-12-01T10:27:10+00:00","og_image":[{"width":2048,"height":1463,"url":"https:\/\/trump24.ee\/wp-content\/uploads\/2021\/03\/Boxx-1874.jpg","type":"image\/jpeg"}],"twitter_misc":{"Estimated reading time":"1 minute"},"schema":{"@context":"https:\/\/schema.org","@graph":[{"@type":"WebPage","@id":"https:\/\/trump24.ee\/toode\/boxx-1874\/","url":"https:\/\/trump24.ee\/toode\/boxx-1874\/","name":"Boxx 1874 | Trump","isPartOf":{"@id":"https:\/\/trump24.ee\/#website"},"primaryImageOfPage":{"@id":"https:\/\/trump24.ee\/toode\/boxx-1874\/#primaryimage"},"image":{"@id":"https:\/\/trump24.ee\/toode\/boxx-1874\/#primaryimage"},"thumbnailUrl":"https:\/\/trump24.ee\/wp-content\/uploads\/2021\/03\/Boxx-1874.jpg","datePublished":"2021-03-11T17:07:02+00:00","dateModified":"2023-12-01T10:27:10+00:00","breadcrumb":{"@id":"https:\/\/trump24.ee\/toode\/boxx-1874\/#breadcrumb"},"inLanguage":"en-GB","potentialAction":[{"@type":"ReadAction","target":["https:\/\/trump24.ee\/toode\/boxx-1874\/"]}]},{"@type":"ImageObject","inLanguage":"en-GB","@id":"https:\/\/trump24.ee\/toode\/boxx-1874\/#primaryimage","url":"https:\/\/trump24.ee\/wp-content\/uploads\/2021\/03\/Boxx-1874.jpg","contentUrl":"https:\/\/trump24.ee\/wp-content\/uploads\/2021\/03\/Boxx-1874.jpg","width":2048,"height":1463},{"@type":"BreadcrumbList","@id":"https:\/\/trump24.ee\/toode\/boxx-1874\/#breadcrumb","itemListElement":[{"@type":"ListItem","position":1,"name":"Avaleht","item":"https:\/\/trump24.ee\/"},{"@type":"ListItem","position":2,"name":"Tooted","item":"https:\/\/trump24.ee\/pood\/"},{"@type":"ListItem","position":3,"name":"Boxx 1874"}]},{"@type":"WebSite","@id":"https:\/\/trump24.ee\/#website","url":"https:\/\/trump24.ee\/","name":"Trump - Kvaliteetne k\u00f6\u00f6gi-ja vannitoam\u00f6\u00f6bel ning garderoobi lahendused ja sisustus","description":"Kvaliteetne k\u00f6\u00f6gi-ja vannitoam\u00f6\u00f6bel ning garderoobi lahendused ja sisustus","publisher":{"@id":"https:\/\/trump24.ee\/#organization"},"potentialAction":[{"@type":"SearchAction","target":{"@type":"EntryPoint","urlTemplate":"https:\/\/trump24.ee\/?s={search_term_string}"},"query-input":{"@type":"PropertyValueSpecification","valueRequired":true,"valueName":"search_term_string"}}],"inLanguage":"en-GB"},{"@type":"Organization","@id":"https:\/\/trump24.ee\/#organization","name":"Kvaliteetne k\u00f6\u00f6gi-ja vannitoam\u00f6\u00f6bel ning garderoobi lahendused ja sisustus","url":"https:\/\/trump24.ee\/","logo":{"@type":"ImageObject","inLanguage":"en-GB","@id":"https:\/\/trump24.ee\/#\/schema\/logo\/image\/","url":"https:\/\/trump24.ee\/wp-content\/uploads\/2021\/01\/logo1.png","contentUrl":"https:\/\/trump24.ee\/wp-content\/uploads\/2021\/01\/logo1.png","width":500,"height":53,"caption":"Kvaliteetne k\u00f6\u00f6gi-ja vannitoam\u00f6\u00f6bel ning garderoobi lahendused ja sisustus"},"image":{"@id":"https:\/\/trump24.ee\/#\/schema\/logo\/image\/"},"sameAs":["https:\/\/www.facebook.com\/TRUMP-Sisustus-101520381930163"]}]}},"_links":{"self":[{"href":"https:\/\/trump24.ee\/en\/wp-json\/wp\/v2\/product\/1299","targetHints":{"allow":["GET"]}}],"collection":[{"href":"https:\/\/trump24.ee\/en\/wp-json\/wp\/v2\/product"}],"about":[{"href":"https:\/\/trump24.ee\/en\/wp-json\/wp\/v2\/types\/product"}],"wp:featuredmedia":[{"embeddable":true,"href":"https:\/\/trump24.ee\/en\/wp-json\/wp\/v2\/media\/1300"}],"wp:attachment":[{"href":"https:\/\/trump24.ee\/en\/wp-json\/wp\/v2\/media?parent=1299"}],"wp:term":[{"taxonomy":"product_brand","embeddable":true,"href":"https:\/\/trump24.ee\/en\/wp-json\/wp\/v2\/product_brand?post=1299"},{"taxonomy":"product_cat","embeddable":true,"href":"https:\/\/trump24.ee\/en\/wp-json\/wp\/v2\/product_cat?post=1299"},{"taxonomy":"product_tag","embeddable":true,"href":"https:\/\/trump24.ee\/en\/wp-json\/wp\/v2\/product_tag?post=1299"}],"curies":[{"name":"wp","href":"https:\/\/api.w.org\/{rel}","templated":true}]}}